{"id":57,"date":"2023-05-30T15:55:23","date_gmt":"2023-05-30T18:55:23","guid":{"rendered":"https:\/\/planetahh.com.br\/garotas\/?page_id=57"},"modified":"2023-06-21T19:03:58","modified_gmt":"2023-06-21T22:03:58","slug":"trade","status":"publish","type":"page","link":"https:\/\/planetahh.com.br\/garotas\/precos\/trade\/","title":{"rendered":"Trade"},"content":{"rendered":"\n<div class=\"wp-block-columns is-layout-flex wp-container-core-columns-is-layout-9d6595d7 wp-block-columns-is-layout-flex\">\n<div class=\"wp-block-column is-layout-flow wp-block-column-is-layout-flow\">\n<h2 class=\"wp-block-heading has-text-align-center line-height: 2.5; has-text-color has-background\" style=\"color:#2602aa;background:linear-gradient(180deg,rgb(255,183,135) 2%,rgb(255,255,255) 100%)\">Operador Oficial<\/h2>\n\n\n<div class=\"wp-block-image is-style-default\">\n<figure class=\"aligncenter size-full\"><img decoding=\"async\" width=\"335\" height=\"124\" src=\"https:\/\/planetahh.com.br\/garotas\/wp-content\/uploads\/2023\/05\/hhtour.png\" alt=\"\" class=\"wp-image-450\" srcset=\"https:\/\/planetahh.com.br\/garotas\/wp-content\/uploads\/2023\/05\/hhtour.png 335w, https:\/\/planetahh.com.br\/garotas\/wp-content\/uploads\/2023\/05\/hhtour-300x111.png 300w\" sizes=\"(max-width: 335px) 100vw, 335px\" \/><\/figure>\n<\/div>\n\n\n<p class=\"has-text-align-center has-text-color\" style=\"color:#2602aa\"><strong>Operadora e Organizador Oficial do&nbsp;GAROTAS AO MAR Weekend<\/strong><\/p>\n\n\n\n<p class=\"has-text-align-center has-text-color\" style=\"color:#2602aa\"><strong>Vendas:<\/strong><br><mark style=\"background-color:rgba(0, 0, 0, 0);color:#2602aa\" class=\"has-inline-color\">Fone: (11) 3280-6001<br>WhatsApp: (11) 9101-56715<br><a href=\"https:\/\/planetahh.com.br\/garotas\/\">https:\/\/planetahh.com.br\/garotas\/<\/a><\/mark><\/p>\n\n\n\n<div style=\"height:50px\" aria-hidden=\"true\" class=\"wp-block-spacer\"><\/div>\n\n\n\n<h2 class=\"wp-block-heading has-text-align-center line-height: 2.5; has-text-color has-background\" style=\"color:#2602aa;background:linear-gradient(180deg,rgb(255,183,135) 2%,rgb(255,255,255) 100%)\">Agentes, Parceiros e Embaixadores Oficiais<\/h2>\n\n\n\n<p class=\"has-text-align-center has-text-color\" style=\"color:#2602aa\"><mark style=\"background-color:rgba(0, 0, 0, 0);color:#2602aa\" class=\"has-inline-color\"><strong>LIVIA FRANCO<\/strong><br>Vendas: (21) 97474-6963 ou liviafranco.tur@gmail.com<br>C\u00f3digo: GM001<\/mark><\/p>\n\n\n\n<p class=\"has-text-align-center has-text-color\" style=\"color:#2602aa\"><mark style=\"background-color:rgba(0, 0, 0, 0);color:#2602aa\" class=\"has-inline-color\"><strong>JULIA LIMA<\/strong><br>Vendas: (11) 94598-7885 ou julialima.jbl@gmail.com<br>C\u00f3digo: GM003<\/mark><\/p>\n\n\n\n<p class=\"has-text-align-center has-text-color\" style=\"color:#2602aa\"><strong>MARIANA RIBEIRO<\/strong><br>Vendas: (+351) 935-288-456 ou marymmr@gmail.com<br>C\u00f3digo: GM004<\/p>\n\n\n\n<p class=\"has-text-align-center has-text-color\" style=\"color:#2602aa\"><mark style=\"background-color:rgba(0, 0, 0, 0);color:#2602aa\" class=\"has-inline-color\"><strong>MCD TRAVEL by Cec\u00edlia Diniz<\/strong><br>Vendas: (11) 98315-8388 ou ceciliadinizmcd@gmail.com<br>C\u00f3digo: HH007<\/mark><\/p>\n\n\n\n<p class=\"has-text-align-center has-text-color\" style=\"color:#2602aa\"><mark style=\"background-color:rgba(0, 0, 0, 0);color:#2602aa\" class=\"has-inline-color\"><strong>TADEU HIROAKI<\/strong><br>Vendas: (21) 98282-7766 ou tadeutakey@gmail.com<br>C\u00f3digo: HH002<\/mark><\/p>\n\n\n\n<p class=\"has-text-align-center has-text-color\" style=\"color:#2602aa\"><mark style=\"background-color:rgba(0, 0, 0, 0);color:#2602aa\" class=\"has-inline-color\"><strong>JOSYANE SILVA<\/strong><br>Vendas: (21) 98385-1345 ou josyanerj@gmail.com<br>C\u00f3digo: HH030<\/mark><\/p>\n<\/div>\n<\/div>\n","protected":false},"excerpt":{"rendered":"<p>Operador Oficial Operadora e Organizador Oficial do&nbsp;GAROTAS AO MAR Weekend Vendas:Fone: (11) 3280-6001WhatsApp: (11) 9101-56715https:\/\/planetahh.com.br\/garotas\/ Agentes, Parceiros e Embaixadores Oficiais LIVIA FRANCOVendas: (21) 97474-6963 ou liviafranco.tur@gmail.comC\u00f3digo: GM001 JULIA LIMAVendas: (11) 94598-7885 ou julialima.jbl@gmail.comC\u00f3digo: GM003 MARIANA RIBEIROVendas: (+351) 935-288-456 ou marymmr@gmail.comC\u00f3digo: GM004 MCD TRAVEL by Cec\u00edlia DinizVendas: (11) 98315-8388 ou ceciliadinizmcd@gmail.comC\u00f3digo: HH007 TADEU HIROAKIVendas: (21) 98282-7766 ou tadeutakey@gmail.comC\u00f3digo: HH002 JOSYANE SILVAVendas: (21) 98385-1345 ou josyanerj@gmail.comC\u00f3digo: HH030<\/p>\n","protected":false},"author":1,"featured_media":29,"parent":49,"menu_order":0,"comment_status":"closed","ping_status":"closed","template":"","meta":{"footnotes":""},"class_list":["post-57","page","type-page","status-publish","has-post-thumbnail","hentry"],"_links":{"self":[{"href":"https:\/\/planetahh.com.br\/garotas\/wp-json\/wp\/v2\/pages\/57","targetHints":{"allow":["GET"]}}],"collection":[{"href":"https:\/\/planetahh.com.br\/garotas\/wp-json\/wp\/v2\/pages"}],"about":[{"href":"https:\/\/planetahh.com.br\/garotas\/wp-json\/wp\/v2\/types\/page"}],"author":[{"embeddable":true,"href":"https:\/\/planetahh.com.br\/garotas\/wp-json\/wp\/v2\/users\/1"}],"replies":[{"embeddable":true,"href":"https:\/\/planetahh.com.br\/garotas\/wp-json\/wp\/v2\/comments?post=57"}],"version-history":[{"count":5,"href":"https:\/\/planetahh.com.br\/garotas\/wp-json\/wp\/v2\/pages\/57\/revisions"}],"predecessor-version":[{"id":482,"href":"https:\/\/planetahh.com.br\/garotas\/wp-json\/wp\/v2\/pages\/57\/revisions\/482"}],"up":[{"embeddable":true,"href":"https:\/\/planetahh.com.br\/garotas\/wp-json\/wp\/v2\/pages\/49"}],"wp:featuredmedia":[{"embeddable":true,"href":"https:\/\/planetahh.com.br\/garotas\/wp-json\/wp\/v2\/media\/29"}],"wp:attachment":[{"href":"https:\/\/planetahh.com.br\/garotas\/wp-json\/wp\/v2\/media?parent=57"}],"curies":[{"name":"wp","href":"https:\/\/api.w.org\/{rel}","templated":true}]}}