{"id":2551,"date":"2022-05-11T10:02:42","date_gmt":"2022-05-11T13:02:42","guid":{"rendered":"https:\/\/www.planetahh.com.br\/cruise\/?page_id=2205"},"modified":"2023-05-09T16:18:41","modified_gmt":"2023-05-09T19:18:41","slug":"pacotes-regulares","status":"publish","type":"page","link":"https:\/\/planetahh.com.br\/resort\/pacotes\/pacotes-regulares\/","title":{"rendered":"Pacotes Regulares"},"content":{"rendered":"\n<figure class=\"wp-block-image size-large is-style-default\" id=\"hhpass\"><img fetchpriority=\"high\" decoding=\"async\" width=\"1024\" height=\"110\" src=\"https:\/\/planetahh.com.br\/resort\/wp-content\/uploads\/2023\/04\/HH2023-HHPassTitulo-1024x110.png\" alt=\"\" class=\"wp-image-2882\" srcset=\"https:\/\/planetahh.com.br\/resort\/wp-content\/uploads\/2023\/04\/HH2023-HHPassTitulo-1024x110.png 1024w, https:\/\/planetahh.com.br\/resort\/wp-content\/uploads\/2023\/04\/HH2023-HHPassTitulo-300x32.png 300w, https:\/\/planetahh.com.br\/resort\/wp-content\/uploads\/2023\/04\/HH2023-HHPassTitulo-768x82.png 768w, https:\/\/planetahh.com.br\/resort\/wp-content\/uploads\/2023\/04\/HH2023-HHPassTitulo.png 1120w\" sizes=\"(max-width: 1024px) 100vw, 1024px\" \/><\/figure>\n\n\n\n<center><a href=\"https:\/\/hh-booking.herokuapp.com\/\" target=\"_blank\" rel=\"noopener\"><img decoding=\"async\" class=\"size-full wp-image-719 alignnone\" src=\"https:\/\/planetahh.com.br\/resort\/wp-content\/uploads\/2021\/07\/hh2023-hhpass-lote1.png\" alt=\"Individual\" width=\"250\" height=\"250\" hspace=\"2\"><\/a>\n\n\n<a href=\"https:\/\/www.planetahh.com.br\/clube\/premio\/145573\" target=\"_blank\" rel=\"noopener\"><img decoding=\"async\" class=\"size-full wp-image-719 alignnone\" src=\"https:\/\/planetahh.com.br\/resort\/wp-content\/uploads\/2023\/04\/hh2023-hhpass-clubehh.png\" alt=\"Individual\" width=\"250\" height=\"250\" hspace=\"2\"><\/a><\/center>\n\n\n<div class=\"alert grey\"><strong>TODOS OS PACOTES REGULARES (PASSAPORTE H&amp;H PASS Individual) INCLUEM:<\/strong><br \/>\n\u25cf Acesso a todos os eventos do H&amp;H Festival 2023 &#8211; Resort Edition (15 a 19 de Novembro de 2023).<br \/>\n\u25cf Importante: acesso aos eventos do festival em categoria &#8220;pista&#8221;. Os n\u00e3o h\u00f3spedes ter\u00e3o toler\u00e2ncia de 30 minutos para sua sa\u00edda do Resort ap\u00f3s o t\u00e9rmino de cada evento do festival. N\u00e3o ser\u00e1 permitida a entrada de menores de 18 anos. Este produto n\u00e3o \u00e9 v\u00e1lido para quem j\u00e1 possui uma reserva confirmada (\u201cpacote completo\u201d) no resort oficial ou demais hot\u00e9is (se houver) do festival.<br \/>\n\u25cf Este passaporte <b>N\u00c3O INCLUI: hospedagem, alimenta\u00e7\u00e3o ou demais benef\u00edcios dos pacotes completos do festival<\/b>, incluindo exclusivamente o acesso aos eventos do mesmo (15 a 19\/nov\/23, exceto di\u00e1rias extras ou outros extras). <\/div>\n\n\n\n<div style=\"height:35px\" aria-hidden=\"true\" class=\"wp-block-spacer\"><\/div>\n\n\n\n<figure class=\"wp-block-image size-large\"><img loading=\"lazy\" decoding=\"async\" width=\"1024\" height=\"110\" src=\"https:\/\/planetahh.com.br\/resort\/wp-content\/uploads\/2022\/05\/HH2023-Chamada-AptoSuperior-1024x110.png\" alt=\"\" class=\"wp-image-2553\" srcset=\"https:\/\/planetahh.com.br\/resort\/wp-content\/uploads\/2022\/05\/HH2023-Chamada-AptoSuperior-1024x110.png 1024w, https:\/\/planetahh.com.br\/resort\/wp-content\/uploads\/2022\/05\/HH2023-Chamada-AptoSuperior-300x32.png 300w, https:\/\/planetahh.com.br\/resort\/wp-content\/uploads\/2022\/05\/HH2023-Chamada-AptoSuperior-768x82.png 768w, https:\/\/planetahh.com.br\/resort\/wp-content\/uploads\/2022\/05\/HH2023-Chamada-AptoSuperior.png 1120w\" sizes=\"(max-width: 1024px) 100vw, 1024px\" \/><\/figure>\n\n\n\n<h1 class=\"has-text-align-center has-vivid-red-color has-text-color has-background wp-block-heading\" style=\"background-color:#eeeeee\"><strong>ESGOTADO!<\/strong><\/h1>\n\n\n\n<div style=\"height:35px\" aria-hidden=\"true\" class=\"wp-block-spacer\"><\/div>\n\n\n\n<figure class=\"wp-block-image size-large\"><img loading=\"lazy\" decoding=\"async\" width=\"1024\" height=\"110\" src=\"https:\/\/planetahh.com.br\/resort\/wp-content\/uploads\/2022\/05\/HH2023-Chamada-AptoLuxo-1024x110.png\" alt=\"\" class=\"wp-image-2557\" srcset=\"https:\/\/planetahh.com.br\/resort\/wp-content\/uploads\/2022\/05\/HH2023-Chamada-AptoLuxo-1024x110.png 1024w, https:\/\/planetahh.com.br\/resort\/wp-content\/uploads\/2022\/05\/HH2023-Chamada-AptoLuxo-300x32.png 300w, https:\/\/planetahh.com.br\/resort\/wp-content\/uploads\/2022\/05\/HH2023-Chamada-AptoLuxo-768x82.png 768w, https:\/\/planetahh.com.br\/resort\/wp-content\/uploads\/2022\/05\/HH2023-Chamada-AptoLuxo.png 1120w\" sizes=\"(max-width: 1024px) 100vw, 1024px\" \/><\/figure>\n\n\n\n<h1 class=\"has-text-align-center has-vivid-red-color has-text-color has-background wp-block-heading\" style=\"background-color:#eeeeee\"><strong>ESGOTADO!<\/strong><\/h1>\n\n\n\n<!-- <center><img loading=\"lazy\" decoding=\"async\" class=\"size-full wp-image-719 alignnone\" src=\"https:\/\/planetahh.com.br\/resort\/wp-content\/uploads\/2022\/11\/hh2023-single-esgotado.png\" alt=\"Single\" width=\"250\" height=\"250\" hspace=\"2\">\n\n<img loading=\"lazy\" decoding=\"async\" class=\"size-full wp-image-719 alignnone\" src=\"https:\/\/planetahh.com.br\/resort\/wp-content\/uploads\/2022\/11\/hh2023-duplo-esgotado.png\" alt=\"Duplo\" width=\"250\" height=\"250\" hspace=\"2\">\n\n<img loading=\"lazy\" decoding=\"async\" class=\"size-full wp-image-719 alignnone\" src=\"https:\/\/planetahh.com.br\/resort\/wp-content\/uploads\/2022\/11\/hh2023-triplo-esgotado.png\" alt=\"Triplo\" width=\"250\" height=\"250\" hspace=\"2\">\n\n<img loading=\"lazy\" decoding=\"async\" class=\"size-full wp-image-719 alignnone\" src=\"https:\/\/planetahh.com.br\/resort\/wp-content\/uploads\/2022\/11\/hh2023-quadruplo-esgotado.png\" alt=\"Qu\u00e1druplo\" width=\"250\" height=\"250\" hspace=\"2\"><\/center> -->\n\n\n\n<div style=\"height:35px\" aria-hidden=\"true\" class=\"wp-block-spacer\"><\/div>\n\n\n\n<figure class=\"wp-block-image size-large\"><img loading=\"lazy\" decoding=\"async\" width=\"1024\" height=\"110\" src=\"https:\/\/planetahh.com.br\/resort\/wp-content\/uploads\/2022\/05\/HH2023-Chamada-AptoSuiteLuxo-1024x110.png\" alt=\"\" class=\"wp-image-2556\" srcset=\"https:\/\/planetahh.com.br\/resort\/wp-content\/uploads\/2022\/05\/HH2023-Chamada-AptoSuiteLuxo-1024x110.png 1024w, https:\/\/planetahh.com.br\/resort\/wp-content\/uploads\/2022\/05\/HH2023-Chamada-AptoSuiteLuxo-300x32.png 300w, https:\/\/planetahh.com.br\/resort\/wp-content\/uploads\/2022\/05\/HH2023-Chamada-AptoSuiteLuxo-768x82.png 768w, https:\/\/planetahh.com.br\/resort\/wp-content\/uploads\/2022\/05\/HH2023-Chamada-AptoSuiteLuxo.png 1120w\" sizes=\"(max-width: 1024px) 100vw, 1024px\" \/><\/figure>\n\n\n\n<h1 class=\"has-text-align-center has-vivid-red-color has-text-color has-background wp-block-heading\" style=\"background-color:#eeeeee\"><strong>ESGOTADO!<\/strong><\/h1>\n\n\n\n<!-- <center><img loading=\"lazy\" decoding=\"async\" class=\"size-full wp-image-719 alignnone\" src=\"https:\/\/planetahh.com.br\/resort\/wp-content\/uploads\/2022\/11\/hh2023-single-esgotado.png\" alt=\"Single\" width=\"250\" height=\"250\" hspace=\"2\">\n\n<img loading=\"lazy\" decoding=\"async\" class=\"size-full wp-image-719 alignnone\" src=\"https:\/\/planetahh.com.br\/resort\/wp-content\/uploads\/2022\/11\/hh2023-duplo-esgotado.png\" alt=\"Duplo\" width=\"250\" height=\"250\" hspace=\"2\">\n\n<img loading=\"lazy\" decoding=\"async\" class=\"size-full wp-image-719 alignnone\" src=\"https:\/\/planetahh.com.br\/resort\/wp-content\/uploads\/2022\/11\/hh2023-triplo-esgotado.png\" alt=\"Triplo\" width=\"250\" height=\"250\" hspace=\"2\">\n\n<img loading=\"lazy\" decoding=\"async\" class=\"size-full wp-image-719 alignnone\" src=\"https:\/\/planetahh.com.br\/resort\/wp-content\/uploads\/2022\/11\/hh2023-quadruplo-esgotado.png\" alt=\"Qu\u00e1druplo\" width=\"250\" height=\"250\" hspace=\"2\"><\/center> -->\n\n\n\n<div class=\"wp-block-group\"><div class=\"wp-block-group__inner-container is-layout-flow wp-block-group-is-layout-flow\">\n<div class=\"wp-block-group\"><div class=\"wp-block-group__inner-container is-layout-flow wp-block-group-is-layout-flow\"><\/div><\/div>\n<\/div><\/div>\n\n\n\n<div style=\"height:35px\" aria-hidden=\"true\" class=\"wp-block-spacer\"><\/div>\n\n\n<div class=\"alert grey\"><strong>TODOS OS PACOTES REGULARES EM APARTAMENTOS INCLUEM:<\/strong><br \/>\n\u25cf Pacote de hospedagem de 4 noites e 5 dias (um dia a mais de festival) no RESORT EDITION (15 a 19 de Novembro de 2023).<br \/>\n\u25cf Aptos Superiores vista Resort (at\u00e9 4 pessoas).<br \/>\n\u25cf Aptos Luxo vista\/frente Mar em Bloco Premium (at\u00e9 4 pessoas).<br \/>\n\u25cf Aptos Su\u00edte Luxo com sala e quarto, vista parcial Mar\/Resort (at\u00e9 4 pessoas).<br \/>\n\u25cf Regime All Inclusive Premium (exceto eventos) no RESORT EDITION.<br \/>\n\u25cf Realiza\u00e7\u00e3o de at\u00e9 2 reservas em restaurantes tem\u00e1ticos do Resort.<br \/>\n\u25cf Acesso irrestrito a todos os centros de lazer, esportivos e fitness\/academia (exceto SPA).<br \/>\n\u25cf Pacote de Ingressos para todas as festas do H&amp;H FESTIVAL 2023 &#8211; RESORT EDITION.<br \/>\n <\/div>\n\n\n\n<div style=\"height:40px\" aria-hidden=\"true\" class=\"wp-block-spacer\"><\/div>\n\n\n\n<figure class=\"wp-block-image size-large is-style-default\"><img loading=\"lazy\" decoding=\"async\" width=\"1024\" height=\"110\" src=\"https:\/\/planetahh.com.br\/resort\/wp-content\/uploads\/2022\/05\/HH2023-Chamada-BangaloLuxo-1024x110.png\" alt=\"\" class=\"wp-image-2555\" srcset=\"https:\/\/planetahh.com.br\/resort\/wp-content\/uploads\/2022\/05\/HH2023-Chamada-BangaloLuxo-1024x110.png 1024w, https:\/\/planetahh.com.br\/resort\/wp-content\/uploads\/2022\/05\/HH2023-Chamada-BangaloLuxo-300x32.png 300w, https:\/\/planetahh.com.br\/resort\/wp-content\/uploads\/2022\/05\/HH2023-Chamada-BangaloLuxo-768x82.png 768w, https:\/\/planetahh.com.br\/resort\/wp-content\/uploads\/2022\/05\/HH2023-Chamada-BangaloLuxo.png 1120w\" sizes=\"(max-width: 1024px) 100vw, 1024px\" \/><\/figure>\n\n\n\n<h1 class=\"has-text-align-center has-vivid-red-color has-text-color has-background wp-block-heading\" style=\"background-color:#eeeeee\"><strong>ESGOTADO!<\/strong><\/h1>\n\n\n\n<!-- <center><img loading=\"lazy\" decoding=\"async\" class=\"size-full wp-image-719 alignnone\" src=\"https:\/\/planetahh.com.br\/resort\/wp-content\/uploads\/2022\/11\/hh2023-single-esgotado.png\" alt=\"Single\" width=\"250\" height=\"250\" hspace=\"2\">\n\n<img loading=\"lazy\" decoding=\"async\" class=\"size-full wp-image-719 alignnone\" src=\"https:\/\/planetahh.com.br\/resort\/wp-content\/uploads\/2022\/11\/hh2023-duplo-esgotado.png\" alt=\"Duplo\" width=\"250\" height=\"250\" hspace=\"2\">\n\n<img loading=\"lazy\" decoding=\"async\" class=\"size-full wp-image-719 alignnone\" src=\"https:\/\/planetahh.com.br\/resort\/wp-content\/uploads\/2022\/11\/hh2023-triplo-esgotado.png\" alt=\"Triplo\" width=\"250\" height=\"250\" hspace=\"2\">\n\n<img loading=\"lazy\" decoding=\"async\" class=\"size-full wp-image-719 alignnone\" src=\"https:\/\/planetahh.com.br\/resort\/wp-content\/uploads\/2022\/11\/hh2023-quadruplo-esgotado.png\" alt=\"Qu\u00e1druplo\" width=\"250\" height=\"250\" hspace=\"2\"><\/center> -->\n\n\n\n<div class=\"wp-block-group\"><div class=\"wp-block-group__inner-container is-layout-flow wp-block-group-is-layout-flow\">\n<div class=\"wp-block-group\"><div class=\"wp-block-group__inner-container is-layout-flow wp-block-group-is-layout-flow\"><\/div><\/div>\n<\/div><\/div>\n\n\n\n<p><\/p>\n\n\n\n<div style=\"height:35px\" aria-hidden=\"true\" class=\"wp-block-spacer\"><\/div>\n\n\n\n<figure class=\"wp-block-image size-large is-style-default\"><img loading=\"lazy\" decoding=\"async\" width=\"1024\" height=\"110\" src=\"https:\/\/planetahh.com.br\/resort\/wp-content\/uploads\/2022\/05\/HH2023-Chamada-BangaloMaster-1024x110.png\" alt=\"\" class=\"wp-image-2554\" srcset=\"https:\/\/planetahh.com.br\/resort\/wp-content\/uploads\/2022\/05\/HH2023-Chamada-BangaloMaster-1024x110.png 1024w, https:\/\/planetahh.com.br\/resort\/wp-content\/uploads\/2022\/05\/HH2023-Chamada-BangaloMaster-300x32.png 300w, https:\/\/planetahh.com.br\/resort\/wp-content\/uploads\/2022\/05\/HH2023-Chamada-BangaloMaster-768x82.png 768w, https:\/\/planetahh.com.br\/resort\/wp-content\/uploads\/2022\/05\/HH2023-Chamada-BangaloMaster.png 1120w\" sizes=\"(max-width: 1024px) 100vw, 1024px\" \/><\/figure>\n\n\n\n<h1 class=\"has-text-align-center has-vivid-red-color has-text-color has-background wp-block-heading\" style=\"background-color:#eeeeee\"><strong>ESGOTADO!<\/strong><\/h1>\n\n\n\n<!-- <center><img loading=\"lazy\" decoding=\"async\" class=\"size-full wp-image-719 alignnone\" src=\"https:\/\/planetahh.com.br\/resort\/wp-content\/uploads\/2022\/11\/hh2023-single-esgotado.png\" alt=\"Single\" width=\"250\" height=\"250\" hspace=\"2\">\n\n<img loading=\"lazy\" decoding=\"async\" class=\"size-full wp-image-719 alignnone\" src=\"https:\/\/planetahh.com.br\/resort\/wp-content\/uploads\/2022\/11\/hh2023-duplo-esgotado.png\" alt=\"Duplo\" width=\"250\" height=\"250\" hspace=\"2\">\n\n<img loading=\"lazy\" decoding=\"async\" class=\"size-full wp-image-719 alignnone\" src=\"https:\/\/planetahh.com.br\/resort\/wp-content\/uploads\/2022\/11\/hh2023-triplo-esgotado.png\" alt=\"Triplo\" width=\"250\" height=\"250\" hspace=\"2\">\n\n<img loading=\"lazy\" decoding=\"async\" class=\"size-full wp-image-719 alignnone\" src=\"https:\/\/planetahh.com.br\/resort\/wp-content\/uploads\/2022\/11\/hh2023-quadruplo-esgotado.png\" alt=\"Qu\u00e1druplo\" width=\"250\" height=\"250\" hspace=\"2\"><\/center> -->\n\n\n\n<div class=\"wp-block-group\"><div class=\"wp-block-group__inner-container is-layout-flow wp-block-group-is-layout-flow\">\n<div class=\"wp-block-group\"><div class=\"wp-block-group__inner-container is-layout-flow wp-block-group-is-layout-flow\"><\/div><\/div>\n<\/div><\/div>\n\n\n\n<p><\/p>\n\n\n\n<div style=\"height:35px\" aria-hidden=\"true\" class=\"wp-block-spacer\"><\/div>\n\n\n<div class=\"alert grey\"><strong>TODOS OS PACOTES REGULARES EM BANGAL\u00d4S INCLUEM:<\/strong><br \/>\n\u25cf Pacote de hospedagem de 4 noites e 5 dias (um dia a mais de festival) no RESORT EDITION (15 a 19 de Novembro de 2023).<br \/>\n\u25cf Bangal\u00f4 Luxo vista Resort\/Piscina (at\u00e9 4 pessoas) com amenidades especiais exclusivas.<br \/>\n\u25cf Bangal\u00f4 Master com sala, quarto, jacuzzi e diferenciais de frente praia e vista parcial Resort\/Piscina (at\u00e9 4 pessoas), al\u00e9m de amenidades VIP especiais exclusivas.<br \/>\n\u25cf Regime All Inclusive Premium (exceto eventos) no RESORT EDITION.<br \/>\n\u25cf Realiza\u00e7\u00e3o de at\u00e9 3 reservas em restaurantes tem\u00e1ticos do Resort.<br \/>\n\u25cf Acesso irrestrito a todos os centros de lazer, esportivos e fitness\/academia (exceto SPA).<br \/>\n\u25cf Pacote de Ingressos para todas as festas do H&amp;H FESTIVAL 2023 &#8211; RESORT EDITION.<br \/>\n <\/div>\n\n\n\n<div style=\"height:35px\" aria-hidden=\"true\" class=\"wp-block-spacer\"><\/div>\n\n\n<div class=\"alert grey\"><strong>OBSERVA\u00c7\u00d5ES:<\/strong><br \/>\n\u25cf  Venda dos Pacotes Regulares: v\u00e1lida nas diferentes categorias de Apartamentos e Bangal\u00f4s sem restri\u00e7\u00f5es de elegibilidade, no H&amp;H TOUR e no CLUBE H&amp;H, sujeitos a altera\u00e7\u00e3o e disponibilidade mediante capacidade, lote e quantidades de cada categoria ofertada.<br \/>\n\u25cf  CLUBE H&amp;H: produtos resgatados por meio do programa de fidelidade devem seguir complementarmente o regulamento e as regras e condi\u00e7\u00f5es espec\u00edficas deste.<br \/>\n\u25cf  Pre\u00e7os por pessoa em Apto ou Bangal\u00f4 Single, Duplo, Triplo ou Qu\u00e1druplo (veja regras e condi\u00e7\u00f5es das camas extras), com hospedagem rand\u00f4mica de acordo com categoria e \u00e0 crit\u00e9rio da organiza\u00e7\u00e3o, sujeito a altera\u00e7\u00e3o, varia\u00e7\u00e3o e disponibilidade.<br \/>\n\u25cf  Check-in e check-out ser\u00e3o realizados \u00e0s 15:00hs e 11:00hs respectivamente.<br \/>\n\u25cf  N\u00e3o ser\u00e3o aceitos passageiros menores de 18 anos.<br \/>\n\u25cf  Pacotes Triplos e Qu\u00e1druplos (limitados) com cama extra individual\/auxiliar (menor do que a cama tradicional) \u2013 consulte a pol\u00edtica de camas extras e passageiros adicionais.<br \/>\n\u25cf  Pol\u00edtica de cancelamento e confirma\u00e7\u00e3o: multa de 50% do momento da compra at\u00e9 30 dias da viagem; com 29 dias da viagem, multa de 80%; com 15 dias da viagem, multa de 100%. Pre\u00e7os sujeitos a modifica\u00e7\u00e3o e disponibilidade. Reservas com pagamentos incompletos que perderam prazos n\u00e3o ser\u00e3o reembolsadas.<br \/>\n\u25cf  Pol\u00edtica de nomea\u00e7\u00e3o e trocas de passageiros: somente ser\u00e3o aceitas nomea\u00e7\u00f5es, inclus\u00f5es e trocas de passageiros em at\u00e9 10 dias \u00fateis da viagem (data do check-in). Nomea\u00e7\u00f5es sem taxas adicionais, trocas de passageiros mediante cobran\u00e7a de R$ 300,00 de taxa por troca e por passageiro trocado.<br \/>\n\u25cf  Consulte todas as regras indicativas destes produtos regulares, pois o passageiro ao realizar sua reserva dar\u00e1 anu\u00eancia ao regulamento dos festivais, bem como est\u00e1 ciente e de acordo com o que segue: datas, locais e resort sujeito a altera\u00e7\u00e3o e confirma\u00e7\u00e3o. Consulte a elegibilidade e restri\u00e7\u00f5es para cada tipo de canal de venda, lote, produto e pacote regular.<\/div>\n\n\n\n<div style=\"height:40px\" aria-hidden=\"true\" class=\"wp-block-spacer\"><\/div>\n\n\n\n<div class=\"wp-block-image is-style-default\"><figure class=\"aligncenter size-large\"><a href=\"https:\/\/planetahh.com.br\/resort\/wp-content\/uploads\/2022\/05\/hh2023-resort-quadro-comparativo-br.png\"><img loading=\"lazy\" decoding=\"async\" width=\"989\" height=\"1024\" src=\"https:\/\/planetahh.com.br\/resort\/wp-content\/uploads\/2022\/05\/hh2023-resort-quadro-comparativo-br-989x1024.png\" alt=\"\" class=\"wp-image-2655\" srcset=\"https:\/\/planetahh.com.br\/resort\/wp-content\/uploads\/2022\/05\/hh2023-resort-quadro-comparativo-br-989x1024.png 989w, https:\/\/planetahh.com.br\/resort\/wp-content\/uploads\/2022\/05\/hh2023-resort-quadro-comparativo-br-290x300.png 290w, https:\/\/planetahh.com.br\/resort\/wp-content\/uploads\/2022\/05\/hh2023-resort-quadro-comparativo-br-768x795.png 768w, https:\/\/planetahh.com.br\/resort\/wp-content\/uploads\/2022\/05\/hh2023-resort-quadro-comparativo-br.png 1094w\" sizes=\"(max-width: 989px) 100vw, 989px\" \/><\/a><\/figure><\/div>\n\n\n\n<div class=\"wp-block-buttons is-content-justification-center is-layout-flex wp-block-buttons-is-layout-flex\">\n<div class=\"wp-block-button is-style-fill\"><a class=\"wp-block-button__link no-border-radius\" href=\"http:\/\/hhentretenimento.com.br\/hh2023\/produtos\/HH2023Resort_PacotesRegulares.pdf\" target=\"_blank\" rel=\"noreferrer noopener\"><strong>CLIQUE AQUI E CONFIRA OS PACOTES REGULARES DO RESORT EDITION EM 2023!<\/strong><\/a><\/div>\n<\/div>\n","protected":false},"excerpt":{"rendered":"<p>ESGOTADO! ESGOTADO! ESGOTADO! ESGOTADO! ESGOTADO!<\/p>\n","protected":false},"author":1,"featured_media":2800,"parent":62,"menu_order":0,"comment_status":"closed","ping_status":"closed","template":"","meta":{"footnotes":""},"_links":{"self":[{"href":"https:\/\/planetahh.com.br\/resort\/wp-json\/wp\/v2\/pages\/2551"}],"collection":[{"href":"https:\/\/planetahh.com.br\/resort\/wp-json\/wp\/v2\/pages"}],"about":[{"href":"https:\/\/planetahh.com.br\/resort\/wp-json\/wp\/v2\/types\/page"}],"author":[{"embeddable":true,"href":"https:\/\/planetahh.com.br\/resort\/wp-json\/wp\/v2\/users\/1"}],"replies":[{"embeddable":true,"href":"https:\/\/planetahh.com.br\/resort\/wp-json\/wp\/v2\/comments?post=2551"}],"version-history":[{"count":48,"href":"https:\/\/planetahh.com.br\/resort\/wp-json\/wp\/v2\/pages\/2551\/revisions"}],"predecessor-version":[{"id":2918,"href":"https:\/\/planetahh.com.br\/resort\/wp-json\/wp\/v2\/pages\/2551\/revisions\/2918"}],"up":[{"embeddable":true,"href":"https:\/\/planetahh.com.br\/resort\/wp-json\/wp\/v2\/pages\/62"}],"wp:featuredmedia":[{"embeddable":true,"href":"https:\/\/planetahh.com.br\/resort\/wp-json\/wp\/v2\/media\/2800"}],"wp:attachment":[{"href":"https:\/\/planetahh.com.br\/resort\/wp-json\/wp\/v2\/media?parent=2551"}],"curies":[{"name":"wp","href":"https:\/\/api.w.org\/{rel}","templated":true}]}}